{"id":3169,"date":"2013-07-05T12:47:41","date_gmt":"2013-07-05T17:47:41","guid":{"rendered":"http:\/\/genealogy.julietarr.com\/blog\/?page_id=3169"},"modified":"2013-07-15T20:09:13","modified_gmt":"2013-07-16T01:09:13","slug":"locations","status":"publish","type":"page","link":"https:\/\/genealogy.julietarr.com\/blog\/locations\/","title":{"rendered":"Locations"},"content":{"rendered":"<p><img decoding=\"async\" style=\"float: none; margin-left: auto; display: block; margin-right: auto;\" alt=\"\" src=\"http:\/\/genealogy.julietarr.com\/blog\/images\/places.jpg\" \/><\/p>\n<p align=\"right\"><em><span style=\"font-size: xx-small;\">Image created with Wordle at <\/span><\/em><a href=\"http:\/\/www.wordle.net\"><em><span style=\"font-size: xx-small;\">www.wordle.net.<\/span><\/em><\/a><em><span style=\"font-size: xx-small;\">.<\/span><\/em><\/p>\n<hr \/>\n<h6>Canada<\/h6>\n<ul>\n<li>Ontario<\/li>\n<\/ul>\n<p><a href=\"http:\/\/genealogy.julietarr.com\/blog\/tag\/location-canada\/\" target=\"_blank\">Related Posts<\/a><\/p>\n<hr \/>\n<h6>Germany\/Prussia<\/h6>\n<ul>\n<li>Bernsdorf, B\u00fctow, Pommern, Preu\u00dfen<\/li>\n<li>Bromberg, Posen, Preu\u00dfen<\/li>\n<li>Frankfurt, Hessen, Germany<\/li>\n<\/ul>\n<p><a href=\"http:\/\/genealogy.julietarr.com\/blog\/tag\/location-germanyprussia\/\" target=\"_blank\">Related Posts<\/a><\/p>\n<hr \/>\n<h6>Ireland<\/h6>\n<ul>\n<li>Thomastown, County Kilkenny<\/li>\n<li>County Tipperary<\/li>\n<\/ul>\n<p><a href=\"http:\/\/genealogy.julietarr.com\/blog\/tag\/location-ireland\/\" target=\"_blank\">Related Posts<\/a><\/p>\n<hr \/>\n<h6>Luxembourg<\/h6>\n<ul>\n<li>Consdorf, Echternach<\/li>\n<li>Echternach, Echternach<\/li>\n<li>Rosport, Echternach<\/li>\n<\/ul>\n<p><a href=\"http:\/\/genealogy.julietarr.com\/blog\/tag\/location-luxembourg\/\" target=\"_blank\">Related Posts<\/a><\/p>\n<hr \/>\n<h6>Unites States \u2013 Connecticut<\/h6>\n<ul>\n<li>Hartford County<\/li>\n<li>New London County<\/li>\n<\/ul>\n<p><a href=\"http:\/\/genealogy.julietarr.com\/blog\/tag\/location-us-connecticut\/\">Related Posts<\/a><\/p>\n<hr \/>\n<h6>Unites States \u2013 Illinois<\/h6>\n<ul>\n<li>Cook County<\/li>\n<li>Fulton County<\/li>\n<li>Kane County<\/li>\n<li>Knox County<\/li>\n<li>McHenry County<\/li>\n<li>McLean County<\/li>\n<li>Rock Island, County<\/li>\n<\/ul>\n<p><a href=\"http:\/\/genealogy.julietarr.com\/blog\/tag\/location-us-illinois\/\" target=\"_blank\">Related Posts<\/a><\/p>\n<hr \/>\n<h6>Unites States \u2013 Iowa<\/h6>\n<ul>\n<li>Cedar County<\/li>\n<li>Johnson County<\/li>\n<li>Linn County<\/li>\n<li>Muscatine County<\/li>\n<\/ul>\n<p><a href=\"http:\/\/genealogy.julietarr.com\/blog\/tag\/location-iowa\/\" target=\"_blank\">Related Posts<\/a><\/p>\n<hr \/>\n<h6>Unites States \u2013 Massachusetts<\/h6>\n<ul>\n<li>Hampshire County<\/li>\n<\/ul>\n<p><a href=\"http:\/\/genealogy.julietarr.com\/blog\/tag\/location-us-massachusetts\/\" target=\"_blank\">Related Posts<\/a><\/p>\n<hr \/>\n<h6>Unites States \u2013 Michigan<\/h6>\n<ul>\n<li>Genesee County<\/li>\n<li>Lapeer County<\/li>\n<li>Macomb County<\/li>\n<li>Oakland County<\/li>\n<li>Wayne County<\/li>\n<\/ul>\n<p><a href=\"http:\/\/genealogy.julietarr.com\/blog\/tag\/location-us-michigan\/\" target=\"_blank\">Related Posts<\/a><\/p>\n<hr \/>\n<h6>Unites States \u2013 New York<\/h6>\n<ul>\n<li>Albany County<\/li>\n<li>Cayuga County<\/li>\n<li>Jefferson County<\/li>\n<li>Oneida County<\/li>\n<li>Onondaga County<\/li>\n<li>Washington County<\/li>\n<\/ul>\n<p><a href=\"http:\/\/genealogy.julietarr.com\/blog\/tag\/location-us-new-york\/\" target=\"_blank\">Related Posts<\/a><\/p>\n<hr \/>\n<h6>Unites States \u2013 Ohio<\/h6>\n<ul>\n<li>Cuyahoga County<\/li>\n<li>Delaware County<\/li>\n<li>Hancock County<\/li>\n<li>Mahoning County<\/li>\n<li>Wood County<\/li>\n<\/ul>\n<p><a href=\"http:\/\/genealogy.julietarr.com\/blog\/tag\/location-us-ohio\/\" target=\"_blank\">Related Posts<\/a><\/p>\n<hr \/>\n<h6>Unites States \u2013 Vermont<\/h6>\n<ul>\n<li>Rutland County<\/li>\n<\/ul>\n<p><a href=\"http:\/\/genealogy.julietarr.com\/blog\/tag\/location-vermont\/\" target=\"_blank\">Related Posts<\/a><\/p>\n<hr \/>\n","protected":false},"excerpt":{"rendered":"<p>Image created with Wordle at www.wordle.net.. Canada Ontario Related Posts Germany\/Prussia Bernsdorf, B\u00fctow, Pommern, Preu\u00dfen Bromberg, Posen, Preu\u00dfen Frankfurt, Hessen, Germany Related Posts Ireland Thomastown, County Kilkenny County Tipperary Related Posts Luxembourg Consdorf, Echternach Echternach, Echternach Rosport, Echternach Related Posts Unites States \u2013 Connecticut Hartford [&hellip;]<\/p>\n","protected":false},"author":1,"featured_media":0,"parent":0,"menu_order":0,"comment_status":"closed","ping_status":"closed","template":"","meta":{"om_disable_all_campaigns":false,"_monsterinsights_skip_tracking":false,"_monsterinsights_sitenote_active":false,"_monsterinsights_sitenote_note":"","_monsterinsights_sitenote_category":0,"_uf_show_specific_survey":0,"_uf_disable_surveys":false,"jetpack_post_was_ever_published":false,"footnotes":""},"class_list":["post-3169","page","type-page","status-publish","hentry"],"aioseo_notices":[],"jetpack_sharing_enabled":true,"jetpack_shortlink":"https:\/\/wp.me\/P3HcLI-P7","jetpack-related-posts":[],"_links":{"self":[{"href":"https:\/\/genealogy.julietarr.com\/blog\/wp-json\/wp\/v2\/pages\/3169","targetHints":{"allow":["GET"]}}],"collection":[{"href":"https:\/\/genealogy.julietarr.com\/blog\/wp-json\/wp\/v2\/pages"}],"about":[{"href":"https:\/\/genealogy.julietarr.com\/blog\/wp-json\/wp\/v2\/types\/page"}],"author":[{"embeddable":true,"href":"https:\/\/genealogy.julietarr.com\/blog\/wp-json\/wp\/v2\/users\/1"}],"replies":[{"embeddable":true,"href":"https:\/\/genealogy.julietarr.com\/blog\/wp-json\/wp\/v2\/comments?post=3169"}],"version-history":[{"count":4,"href":"https:\/\/genealogy.julietarr.com\/blog\/wp-json\/wp\/v2\/pages\/3169\/revisions"}],"predecessor-version":[{"id":4456,"href":"https:\/\/genealogy.julietarr.com\/blog\/wp-json\/wp\/v2\/pages\/3169\/revisions\/4456"}],"wp:attachment":[{"href":"https:\/\/genealogy.julietarr.com\/blog\/wp-json\/wp\/v2\/media?parent=3169"}],"curies":[{"name":"wp","href":"https:\/\/api.w.org\/{rel}","templated":true}]}}